{"id":30920,"date":"2023-06-19T09:18:42","date_gmt":"2024-09-25T07:31:21","guid":{"rendered":"https:\/\/kasitooratt.ee\/toode\/musliintekk\/"},"modified":"2024-09-25T10:31:21","modified_gmt":"2024-09-25T07:31:21","slug":"musliintekk","status":"publish","type":"product","link":"https:\/\/kasitooratt.ee\/fi\/toode\/musliintekk\/","title":{"rendered":"Musliintekk"},"content":{"rendered":"","protected":false},"excerpt":{"rendered":"<p>100 % puuvillaa OEKO-TEX musliinikangas kevyt ja pehme\u00e4 peitto vauvalle tai taaperolle.<br \/>\nHuopa on valmistettu kaksinkertaisesta kankaasta ja sit\u00e4 on saatavana kahdessa eri v\u00e4riss\u00e4.<br \/>\nV\u00e4riyhdistelm\u00e4t vaaleansininen\/harmaa, vaaleanpunainen\/harmaa ja vaaleanvihre\u00e4\/harmaa (muita v\u00e4rej\u00e4 saatavana pyynn\u00f6st\u00e4).<br \/>\nPeiton koko on 120x120cm.<br \/>\nMusliinipeitto on konepest\u00e4v\u00e4 30 asteessa.<br \/>\nT\u00e4ydellinen peitto paijaukseen tai p\u00e4iv\u00e4unille, sill\u00e4 puuvillakreppikangas on hengitt\u00e4v\u00e4 eik\u00e4 aiheuta hikoilua.     <\/p>\n","protected":false},"featured_media":30921,"template":"","meta":{"_acf_changed":false},"product_brand":[],"product_cat":[802],"product_tag":[],"class_list":{"0":"post-30920","1":"product","2":"type-product","3":"status-publish","4":"has-post-thumbnail","6":"product_cat-laukut-huovat","7":"pa_varvus-harmaa-vaaleanpunainen","8":"tm-no-options","10":"first","11":"instock","12":"taxable","13":"shipping-taxable","14":"purchasable","15":"product-type-variable","16":"has-default-attributes","17":"rtwpvs-product"},"acf":[],"yoast_head":"<!-- This site is optimized with the Yoast SEO plugin v27.2 - https:\/\/yoast.com\/product\/yoast-seo-wordpress\/ -->\n<title>Musliintekk - R\u00c4TT<\/title>\n<meta name=\"robots\" content=\"index, follow, max-snippet:-1, max-image-preview:large, max-video-preview:-1\" \/>\n<link rel=\"canonical\" href=\"https:\/\/kasitooratt.ee\/toode\/musliintekk\/\" \/>\n<meta property=\"og:locale\" content=\"fi_FI\" \/>\n<meta property=\"og:type\" content=\"article\" \/>\n<meta property=\"og:title\" content=\"Musliintekk - R\u00c4TT\" \/>\n<meta property=\"og:description\" content=\"100 % puuvillaa OEKO-TEX musliinikangas kevyt ja pehme\u00e4 peitto vauvalle tai taaperolle. Huopa on valmistettu kaksinkertaisesta kankaasta ja sit\u00e4 on saatavana kahdessa eri v\u00e4riss\u00e4. V\u00e4riyhdistelm\u00e4t vaaleansininen\/harmaa, vaaleanpunainen\/harmaa ja vaaleanvihre\u00e4\/harmaa (muita v\u00e4rej\u00e4 saatavana pyynn\u00f6st\u00e4). Peiton koko on 120x120cm. Musliinipeitto on konepest\u00e4v\u00e4 30 asteessa. T\u00e4ydellinen peitto paijaukseen tai p\u00e4iv\u00e4unille, sill\u00e4 puuvillakreppikangas on hengitt\u00e4v\u00e4 eik\u00e4 aiheuta hikoilua.\" \/>\n<meta property=\"og:url\" content=\"https:\/\/kasitooratt.ee\/toode\/musliintekk\/\" \/>\n<meta property=\"og:site_name\" content=\"R\u00c4TT\" \/>\n<meta name=\"twitter:card\" content=\"summary_large_image\" \/>\n<script type=\"application\/ld+json\" class=\"yoast-schema-graph\">{\"@context\":\"https:\/\/schema.org\",\"@graph\":[{\"@type\":\"WebPage\",\"@id\":\"https:\/\/kasitooratt.ee\/toode\/musliintekk\/\",\"url\":\"https:\/\/kasitooratt.ee\/toode\/musliintekk\/\",\"name\":\"Musliintekk - R\u00c4TT\",\"isPartOf\":{\"@id\":\"https:\/\/kasitooratt.ee\/#website\"},\"primaryImageOfPage\":{\"@id\":\"https:\/\/kasitooratt.ee\/toode\/musliintekk\/#primaryimage\"},\"image\":{\"@id\":\"https:\/\/kasitooratt.ee\/toode\/musliintekk\/#primaryimage\"},\"thumbnailUrl\":\"https:\/\/kasitooratt.ee\/wp-content\/uploads\/2023\/06\/DSC0896-scaled.jpg\",\"datePublished\":\"2024-09-25T07:31:21+00:00\",\"breadcrumb\":{\"@id\":\"https:\/\/kasitooratt.ee\/toode\/musliintekk\/#breadcrumb\"},\"inLanguage\":\"fi\",\"potentialAction\":[{\"@type\":\"ReadAction\",\"target\":[\"https:\/\/kasitooratt.ee\/toode\/musliintekk\/\"]}]},{\"@type\":\"ImageObject\",\"inLanguage\":\"fi\",\"@id\":\"https:\/\/kasitooratt.ee\/toode\/musliintekk\/#primaryimage\",\"url\":\"https:\/\/kasitooratt.ee\/wp-content\/uploads\/2023\/06\/DSC0896-scaled.jpg\",\"contentUrl\":\"https:\/\/kasitooratt.ee\/wp-content\/uploads\/2023\/06\/DSC0896-scaled.jpg\",\"width\":1709,\"height\":2560},{\"@type\":\"BreadcrumbList\",\"@id\":\"https:\/\/kasitooratt.ee\/toode\/musliintekk\/#breadcrumb\",\"itemListElement\":[{\"@type\":\"ListItem\",\"position\":1,\"name\":\"Home\",\"item\":\"https:\/\/kasitooratt.ee\/\"},{\"@type\":\"ListItem\",\"position\":2,\"name\":\"Tooted\",\"item\":\"https:\/\/kasitooratt.ee\/tooted\/\"},{\"@type\":\"ListItem\",\"position\":3,\"name\":\"Musliintekk\"}]},{\"@type\":\"WebSite\",\"@id\":\"https:\/\/kasitooratt.ee\/#website\",\"url\":\"https:\/\/kasitooratt.ee\/\",\"name\":\"R\u00c4TT\",\"description\":\"SPA ja saunatekstiilid\",\"potentialAction\":[{\"@type\":\"SearchAction\",\"target\":{\"@type\":\"EntryPoint\",\"urlTemplate\":\"https:\/\/kasitooratt.ee\/?s={search_term_string}\"},\"query-input\":{\"@type\":\"PropertyValueSpecification\",\"valueRequired\":true,\"valueName\":\"search_term_string\"}}],\"inLanguage\":\"fi\"}]}<\/script>\n<!-- \/ Yoast SEO plugin. -->","yoast_head_json":{"title":"Musliintekk - R\u00c4TT","robots":{"index":"index","follow":"follow","max-snippet":"max-snippet:-1","max-image-preview":"max-image-preview:large","max-video-preview":"max-video-preview:-1"},"canonical":"https:\/\/kasitooratt.ee\/toode\/musliintekk\/","og_locale":"fi_FI","og_type":"article","og_title":"Musliintekk - R\u00c4TT","og_description":"100 % puuvillaa OEKO-TEX musliinikangas kevyt ja pehme\u00e4 peitto vauvalle tai taaperolle. Huopa on valmistettu kaksinkertaisesta kankaasta ja sit\u00e4 on saatavana kahdessa eri v\u00e4riss\u00e4. V\u00e4riyhdistelm\u00e4t vaaleansininen\/harmaa, vaaleanpunainen\/harmaa ja vaaleanvihre\u00e4\/harmaa (muita v\u00e4rej\u00e4 saatavana pyynn\u00f6st\u00e4). Peiton koko on 120x120cm. Musliinipeitto on konepest\u00e4v\u00e4 30 asteessa. T\u00e4ydellinen peitto paijaukseen tai p\u00e4iv\u00e4unille, sill\u00e4 puuvillakreppikangas on hengitt\u00e4v\u00e4 eik\u00e4 aiheuta hikoilua.","og_url":"https:\/\/kasitooratt.ee\/toode\/musliintekk\/","og_site_name":"R\u00c4TT","twitter_card":"summary_large_image","schema":{"@context":"https:\/\/schema.org","@graph":[{"@type":"WebPage","@id":"https:\/\/kasitooratt.ee\/toode\/musliintekk\/","url":"https:\/\/kasitooratt.ee\/toode\/musliintekk\/","name":"Musliintekk - R\u00c4TT","isPartOf":{"@id":"https:\/\/kasitooratt.ee\/#website"},"primaryImageOfPage":{"@id":"https:\/\/kasitooratt.ee\/toode\/musliintekk\/#primaryimage"},"image":{"@id":"https:\/\/kasitooratt.ee\/toode\/musliintekk\/#primaryimage"},"thumbnailUrl":"https:\/\/kasitooratt.ee\/wp-content\/uploads\/2023\/06\/DSC0896-scaled.jpg","datePublished":"2024-09-25T07:31:21+00:00","breadcrumb":{"@id":"https:\/\/kasitooratt.ee\/toode\/musliintekk\/#breadcrumb"},"inLanguage":"fi","potentialAction":[{"@type":"ReadAction","target":["https:\/\/kasitooratt.ee\/toode\/musliintekk\/"]}]},{"@type":"ImageObject","inLanguage":"fi","@id":"https:\/\/kasitooratt.ee\/toode\/musliintekk\/#primaryimage","url":"https:\/\/kasitooratt.ee\/wp-content\/uploads\/2023\/06\/DSC0896-scaled.jpg","contentUrl":"https:\/\/kasitooratt.ee\/wp-content\/uploads\/2023\/06\/DSC0896-scaled.jpg","width":1709,"height":2560},{"@type":"BreadcrumbList","@id":"https:\/\/kasitooratt.ee\/toode\/musliintekk\/#breadcrumb","itemListElement":[{"@type":"ListItem","position":1,"name":"Home","item":"https:\/\/kasitooratt.ee\/"},{"@type":"ListItem","position":2,"name":"Tooted","item":"https:\/\/kasitooratt.ee\/tooted\/"},{"@type":"ListItem","position":3,"name":"Musliintekk"}]},{"@type":"WebSite","@id":"https:\/\/kasitooratt.ee\/#website","url":"https:\/\/kasitooratt.ee\/","name":"R\u00c4TT","description":"SPA ja saunatekstiilid","potentialAction":[{"@type":"SearchAction","target":{"@type":"EntryPoint","urlTemplate":"https:\/\/kasitooratt.ee\/?s={search_term_string}"},"query-input":{"@type":"PropertyValueSpecification","valueRequired":true,"valueName":"search_term_string"}}],"inLanguage":"fi"}]}},"_links":{"self":[{"href":"https:\/\/kasitooratt.ee\/fi\/wp-json\/wp\/v2\/product\/30920","targetHints":{"allow":["GET"]}}],"collection":[{"href":"https:\/\/kasitooratt.ee\/fi\/wp-json\/wp\/v2\/product"}],"about":[{"href":"https:\/\/kasitooratt.ee\/fi\/wp-json\/wp\/v2\/types\/product"}],"wp:featuredmedia":[{"embeddable":true,"href":"https:\/\/kasitooratt.ee\/fi\/wp-json\/wp\/v2\/media\/30921"}],"wp:attachment":[{"href":"https:\/\/kasitooratt.ee\/fi\/wp-json\/wp\/v2\/media?parent=30920"}],"wp:term":[{"taxonomy":"product_brand","embeddable":true,"href":"https:\/\/kasitooratt.ee\/fi\/wp-json\/wp\/v2\/product_brand?post=30920"},{"taxonomy":"product_cat","embeddable":true,"href":"https:\/\/kasitooratt.ee\/fi\/wp-json\/wp\/v2\/product_cat?post=30920"},{"taxonomy":"product_tag","embeddable":true,"href":"https:\/\/kasitooratt.ee\/fi\/wp-json\/wp\/v2\/product_tag?post=30920"}],"curies":[{"name":"wp","href":"https:\/\/api.w.org\/{rel}","templated":true}]}}