{"id":36378,"date":"2025-12-03T11:30:42","date_gmt":"2025-12-03T09:30:42","guid":{"rendered":"https:\/\/kasitooratt.ee\/toode\/christmas-soap-with-poppy-and-lemon\/"},"modified":"2026-01-27T11:49:34","modified_gmt":"2026-01-27T09:49:34","slug":"christmas-soap-with-poppy-and-lemon","status":"publish","type":"product","link":"https:\/\/kasitooratt.ee\/en\/toode\/christmas-soap-with-poppy-and-lemon\/","title":{"rendered":"Handmade soap with poppy and lemon"},"content":{"rendered":"<p>Poppy soap contains poppy seeds and lemon essential oil as additives. Poppy seeds have an exfoliating effect, remove dead skin cells and improve skin texture. Lemon essential oil cleanses and tones the skin and gives a fresh citrus scent. Poppy soap can also clean heavily soiled skin and is suitable for washing both hands and body.<\/p>\n<p>The soaps are made using the cold process method \u2013 carefully mixed by hand, poured into molds one by one, and then removed after a while and aged for 4 weeks. This air-cured soap is pleasantly solid and durable even in humid conditions.<\/p>\n","protected":false},"excerpt":{"rendered":"<p> [&#8230;]<\/p>\n","protected":false},"featured_media":36314,"template":"","meta":{"_acf_changed":false},"product_brand":[],"product_cat":[926],"product_tag":[],"class_list":{"0":"post-36378","1":"product","2":"type-product","3":"status-publish","4":"has-post-thumbnail","6":"product_cat-sets-en","7":"tm-no-options","9":"first","10":"instock","11":"taxable","12":"shipping-taxable","13":"purchasable","14":"product-type-simple"},"acf":[],"yoast_head":"<!-- This site is optimized with the Yoast SEO plugin v27.2 - https:\/\/yoast.com\/product\/yoast-seo-wordpress\/ -->\n<title>Handmade soap with poppy and lemon - R\u00c4TT<\/title>\n<meta name=\"robots\" content=\"index, follow, max-snippet:-1, max-image-preview:large, max-video-preview:-1\" \/>\n<link rel=\"canonical\" href=\"https:\/\/kasitooratt.ee\/en\/toode\/christmas-soap-with-poppy-and-lemon\/\" \/>\n<meta property=\"og:locale\" content=\"en_US\" \/>\n<meta property=\"og:type\" content=\"article\" \/>\n<meta property=\"og:title\" content=\"Handmade soap with poppy and lemon - R\u00c4TT\" \/>\n<meta property=\"og:description\" content=\"[...]\" \/>\n<meta property=\"og:url\" content=\"https:\/\/kasitooratt.ee\/en\/toode\/christmas-soap-with-poppy-and-lemon\/\" \/>\n<meta property=\"og:site_name\" content=\"R\u00c4TT\" \/>\n<meta property=\"article:modified_time\" content=\"2026-01-27T09:49:34+00:00\" \/>\n<meta property=\"og:image\" content=\"https:\/\/kasitooratt.ee\/wp-content\/uploads\/2025\/11\/20251122-124349-scaled.jpg\" \/>\n\t<meta property=\"og:image:width\" content=\"1718\" \/>\n\t<meta property=\"og:image:height\" content=\"2560\" \/>\n\t<meta property=\"og:image:type\" content=\"image\/jpeg\" \/>\n<meta name=\"twitter:card\" content=\"summary_large_image\" \/>\n<meta name=\"twitter:label1\" content=\"Est. reading time\" \/>\n\t<meta name=\"twitter:data1\" content=\"1 minute\" \/>\n<script type=\"application\/ld+json\" class=\"yoast-schema-graph\">{\"@context\":\"https:\/\/schema.org\",\"@graph\":[{\"@type\":\"WebPage\",\"@id\":\"https:\/\/kasitooratt.ee\/en\/toode\/christmas-soap-with-poppy-and-lemon\/\",\"url\":\"https:\/\/kasitooratt.ee\/en\/toode\/christmas-soap-with-poppy-and-lemon\/\",\"name\":\"Handmade soap with poppy and lemon - R\u00c4TT\",\"isPartOf\":{\"@id\":\"https:\/\/kasitooratt.ee\/#website\"},\"primaryImageOfPage\":{\"@id\":\"https:\/\/kasitooratt.ee\/en\/toode\/christmas-soap-with-poppy-and-lemon\/#primaryimage\"},\"image\":{\"@id\":\"https:\/\/kasitooratt.ee\/en\/toode\/christmas-soap-with-poppy-and-lemon\/#primaryimage\"},\"thumbnailUrl\":\"https:\/\/kasitooratt.ee\/wp-content\/uploads\/2025\/11\/20251122-124349-scaled.jpg\",\"datePublished\":\"2025-12-03T09:30:42+00:00\",\"dateModified\":\"2026-01-27T09:49:34+00:00\",\"breadcrumb\":{\"@id\":\"https:\/\/kasitooratt.ee\/en\/toode\/christmas-soap-with-poppy-and-lemon\/#breadcrumb\"},\"inLanguage\":\"en-US\",\"potentialAction\":[{\"@type\":\"ReadAction\",\"target\":[\"https:\/\/kasitooratt.ee\/en\/toode\/christmas-soap-with-poppy-and-lemon\/\"]}]},{\"@type\":\"ImageObject\",\"inLanguage\":\"en-US\",\"@id\":\"https:\/\/kasitooratt.ee\/en\/toode\/christmas-soap-with-poppy-and-lemon\/#primaryimage\",\"url\":\"https:\/\/kasitooratt.ee\/wp-content\/uploads\/2025\/11\/20251122-124349-scaled.jpg\",\"contentUrl\":\"https:\/\/kasitooratt.ee\/wp-content\/uploads\/2025\/11\/20251122-124349-scaled.jpg\",\"width\":1718,\"height\":2560,\"caption\":\"R\u00c4TT K\u00e4sit\u00f6\u00f6seep\"},{\"@type\":\"BreadcrumbList\",\"@id\":\"https:\/\/kasitooratt.ee\/en\/toode\/christmas-soap-with-poppy-and-lemon\/#breadcrumb\",\"itemListElement\":[{\"@type\":\"ListItem\",\"position\":1,\"name\":\"Home\",\"item\":\"https:\/\/kasitooratt.ee\/en\/\"},{\"@type\":\"ListItem\",\"position\":2,\"name\":\"Products\",\"item\":\"https:\/\/kasitooratt.ee\/en\/products\/\"},{\"@type\":\"ListItem\",\"position\":3,\"name\":\"Handmade soap with poppy and lemon\"}]},{\"@type\":\"WebSite\",\"@id\":\"https:\/\/kasitooratt.ee\/#website\",\"url\":\"https:\/\/kasitooratt.ee\/\",\"name\":\"R\u00c4TT\",\"description\":\"SPA ja saunatekstiilid\",\"potentialAction\":[{\"@type\":\"SearchAction\",\"target\":{\"@type\":\"EntryPoint\",\"urlTemplate\":\"https:\/\/kasitooratt.ee\/?s={search_term_string}\"},\"query-input\":{\"@type\":\"PropertyValueSpecification\",\"valueRequired\":true,\"valueName\":\"search_term_string\"}}],\"inLanguage\":\"en-US\"}]}<\/script>\n<!-- \/ Yoast SEO plugin. -->","yoast_head_json":{"title":"Handmade soap with poppy and lemon - R\u00c4TT","robots":{"index":"index","follow":"follow","max-snippet":"max-snippet:-1","max-image-preview":"max-image-preview:large","max-video-preview":"max-video-preview:-1"},"canonical":"https:\/\/kasitooratt.ee\/en\/toode\/christmas-soap-with-poppy-and-lemon\/","og_locale":"en_US","og_type":"article","og_title":"Handmade soap with poppy and lemon - R\u00c4TT","og_description":"[...]","og_url":"https:\/\/kasitooratt.ee\/en\/toode\/christmas-soap-with-poppy-and-lemon\/","og_site_name":"R\u00c4TT","article_modified_time":"2026-01-27T09:49:34+00:00","og_image":[{"width":1718,"height":2560,"url":"https:\/\/kasitooratt.ee\/wp-content\/uploads\/2025\/11\/20251122-124349-scaled.jpg","type":"image\/jpeg"}],"twitter_card":"summary_large_image","twitter_misc":{"Est. reading time":"1 minute"},"schema":{"@context":"https:\/\/schema.org","@graph":[{"@type":"WebPage","@id":"https:\/\/kasitooratt.ee\/en\/toode\/christmas-soap-with-poppy-and-lemon\/","url":"https:\/\/kasitooratt.ee\/en\/toode\/christmas-soap-with-poppy-and-lemon\/","name":"Handmade soap with poppy and lemon - R\u00c4TT","isPartOf":{"@id":"https:\/\/kasitooratt.ee\/#website"},"primaryImageOfPage":{"@id":"https:\/\/kasitooratt.ee\/en\/toode\/christmas-soap-with-poppy-and-lemon\/#primaryimage"},"image":{"@id":"https:\/\/kasitooratt.ee\/en\/toode\/christmas-soap-with-poppy-and-lemon\/#primaryimage"},"thumbnailUrl":"https:\/\/kasitooratt.ee\/wp-content\/uploads\/2025\/11\/20251122-124349-scaled.jpg","datePublished":"2025-12-03T09:30:42+00:00","dateModified":"2026-01-27T09:49:34+00:00","breadcrumb":{"@id":"https:\/\/kasitooratt.ee\/en\/toode\/christmas-soap-with-poppy-and-lemon\/#breadcrumb"},"inLanguage":"en-US","potentialAction":[{"@type":"ReadAction","target":["https:\/\/kasitooratt.ee\/en\/toode\/christmas-soap-with-poppy-and-lemon\/"]}]},{"@type":"ImageObject","inLanguage":"en-US","@id":"https:\/\/kasitooratt.ee\/en\/toode\/christmas-soap-with-poppy-and-lemon\/#primaryimage","url":"https:\/\/kasitooratt.ee\/wp-content\/uploads\/2025\/11\/20251122-124349-scaled.jpg","contentUrl":"https:\/\/kasitooratt.ee\/wp-content\/uploads\/2025\/11\/20251122-124349-scaled.jpg","width":1718,"height":2560,"caption":"R\u00c4TT K\u00e4sit\u00f6\u00f6seep"},{"@type":"BreadcrumbList","@id":"https:\/\/kasitooratt.ee\/en\/toode\/christmas-soap-with-poppy-and-lemon\/#breadcrumb","itemListElement":[{"@type":"ListItem","position":1,"name":"Home","item":"https:\/\/kasitooratt.ee\/en\/"},{"@type":"ListItem","position":2,"name":"Products","item":"https:\/\/kasitooratt.ee\/en\/products\/"},{"@type":"ListItem","position":3,"name":"Handmade soap with poppy and lemon"}]},{"@type":"WebSite","@id":"https:\/\/kasitooratt.ee\/#website","url":"https:\/\/kasitooratt.ee\/","name":"R\u00c4TT","description":"SPA ja saunatekstiilid","potentialAction":[{"@type":"SearchAction","target":{"@type":"EntryPoint","urlTemplate":"https:\/\/kasitooratt.ee\/?s={search_term_string}"},"query-input":{"@type":"PropertyValueSpecification","valueRequired":true,"valueName":"search_term_string"}}],"inLanguage":"en-US"}]}},"_links":{"self":[{"href":"https:\/\/kasitooratt.ee\/en\/wp-json\/wp\/v2\/product\/36378","targetHints":{"allow":["GET"]}}],"collection":[{"href":"https:\/\/kasitooratt.ee\/en\/wp-json\/wp\/v2\/product"}],"about":[{"href":"https:\/\/kasitooratt.ee\/en\/wp-json\/wp\/v2\/types\/product"}],"wp:featuredmedia":[{"embeddable":true,"href":"https:\/\/kasitooratt.ee\/en\/wp-json\/wp\/v2\/media\/36314"}],"wp:attachment":[{"href":"https:\/\/kasitooratt.ee\/en\/wp-json\/wp\/v2\/media?parent=36378"}],"wp:term":[{"taxonomy":"product_brand","embeddable":true,"href":"https:\/\/kasitooratt.ee\/en\/wp-json\/wp\/v2\/product_brand?post=36378"},{"taxonomy":"product_cat","embeddable":true,"href":"https:\/\/kasitooratt.ee\/en\/wp-json\/wp\/v2\/product_cat?post=36378"},{"taxonomy":"product_tag","embeddable":true,"href":"https:\/\/kasitooratt.ee\/en\/wp-json\/wp\/v2\/product_tag?post=36378"}],"curies":[{"name":"wp","href":"https:\/\/api.w.org\/{rel}","templated":true}]}}