{"id":34614,"date":"2025-03-31T09:39:45","date_gmt":"2025-03-31T06:39:45","guid":{"rendered":"https:\/\/kasitooratt.ee\/toode\/ratt-stainless-steel-water-bottle-400ml\/"},"modified":"2025-08-08T11:25:51","modified_gmt":"2025-08-08T08:25:51","slug":"ratt-stainless-steel-water-bottle-400ml","status":"publish","type":"product","link":"https:\/\/kasitooratt.ee\/en\/toode\/ratt-stainless-steel-water-bottle-400ml\/","title":{"rendered":"R\u00c4TT Stainless steel water bottle 400ml"},"content":{"rendered":"<p>Easy to clean with warm water and dishwashing liquid. Hand wash recommended.<br \/>\nDo not use brushes or abrasives to clean.<br \/>\nDo not freeze when full.<br \/>\nDo not boil or microwave.<br \/>\nDo not use for carbonated drinks.<br \/>\nDo not use for non-potable liquids.<br \/>\nDo not wash in the dishwasher on a hot cycle. <\/p>\n","protected":false},"excerpt":{"rendered":"<ul>\n<li>Capacity: 400 ml<\/li>\n<li>Dimensions: \u00f8 6.7 x 17.1 cm<\/li>\n<li>Weight: 129g<\/li>\n<li>Material: Stainless steel<\/li>\n<li>100% leak-proof, BPA-free water bottle.<\/li>\n<li>The perfect water bottle for school or general use on the go.<\/li>\n<li>Fits perfectly in all car cup holders and in the pockets of children&#8217;s backpacks.<\/li>\n<li>Made of lightweight stainless steel.<\/li>\n<li>Stainless steel is extremely durable, lasts for years and is fully recyclable.<\/li>\n<li>This refillable and reusable drinking bottle is food safe, odor-proof, easy to hand wash, and keeps drinks fresh and flavorful.<\/li>\n<li>The drinking hole is always hygienically covered with a lid.<\/li>\n<li>Vented liquid flow for smooth drinking or pouring.<\/li>\n<li>Even on the move, it&#8217;s easy to open with one hand and close with the lock for security.<\/li>\n<li>The bottle is not thermally insulated and is not suitable for hot drinks.<\/li>\n<li>Suitable for both cold and hot drinks (-10\u00b0C to 70\u00b0C).<\/li>\n<\/ul>\n<p><strong>Note:<\/strong> For beverages above 70\u00b0C, the bottle may be uncomfortable to hold without gloves and may burn your hands.<\/p>\n","protected":false},"featured_media":34274,"template":"","meta":{"_acf_changed":false},"product_brand":[],"product_cat":[786,750,910,752,753,925,926,745,847,754],"product_tag":[],"class_list":{"0":"post-34614","1":"product","2":"type-product","3":"status-publish","4":"has-post-thumbnail","6":"product_cat-bathtowels","7":"product_cat-gift-set","8":"product_cat-long-sleeve-ponchos-en","9":"product_cat-long-sleeve-poncho-en","10":"product_cat-spa-wrap","11":"product_cat-sets","12":"product_cat-sets-en","13":"product_cat-short-sleeve-poncho-en","14":"product_cat-spa-wrap-en-2","15":"product_cat-spa-wrap-en","16":"pa_varvus-ash-navy-en","17":"pa_varvus-lilac-dusk","18":"tm-no-options","20":"first","21":"instock","22":"sale","23":"taxable","24":"shipping-taxable","25":"purchasable","26":"product-type-variable","27":"rtwpvs-product"},"acf":[],"yoast_head":"<!-- This site is optimized with the Yoast SEO plugin v27.5 - https:\/\/yoast.com\/product\/yoast-seo-wordpress\/ -->\n<title>R\u00c4TT Stainless steel water bottle 400ml - R\u00c4TT<\/title>\n<meta name=\"robots\" content=\"index, follow, max-snippet:-1, max-image-preview:large, max-video-preview:-1\" \/>\n<link rel=\"canonical\" href=\"https:\/\/kasitooratt.ee\/en\/toode\/ratt-stainless-steel-water-bottle-400ml\/\" \/>\n<meta property=\"og:locale\" content=\"en_US\" \/>\n<meta property=\"og:type\" content=\"article\" \/>\n<meta property=\"og:title\" content=\"R\u00c4TT Stainless steel water bottle 400ml - R\u00c4TT\" \/>\n<meta property=\"og:description\" content=\"Capacity: 400 ml  Dimensions: \u00f8 6.7 x 17.1 cm  Weight: 129g  Material: Stainless steel  100% leak-proof, BPA-free water bottle.  The perfect water bottle for school or general use on the go.  Fits perfectly in all car cup holders and in the pockets of children&#039;s backpacks.  Made of lightweight stainless steel.  Stainless steel is extremely durable, lasts for years and is fully recyclable.  This refillable and reusable drinking bottle is food safe, odor-proof, easy to hand wash, and keeps drinks fresh and flavorful.  The drinking hole is always hygienically covered with a lid.  Vented liquid flow for smooth drinking or pouring.  Even on the move, it&#039;s easy to open with one hand and close with the lock for security.  The bottle is not thermally insulated and is not suitable for hot drinks.  Suitable for both cold and hot drinks (-10\u00b0C to 70\u00b0C). Note: For beverages above 70\u00b0C, the bottle may be uncomfortable to hold without gloves and may burn your hands.\" \/>\n<meta property=\"og:url\" content=\"https:\/\/kasitooratt.ee\/en\/toode\/ratt-stainless-steel-water-bottle-400ml\/\" \/>\n<meta property=\"og:site_name\" content=\"R\u00c4TT\" \/>\n<meta property=\"article:modified_time\" content=\"2025-08-08T08:25:51+00:00\" \/>\n<meta property=\"og:image\" content=\"https:\/\/kasitooratt.ee\/wp-content\/uploads\/2025\/03\/32.jpg\" \/>\n\t<meta property=\"og:image:width\" content=\"1000\" \/>\n\t<meta property=\"og:image:height\" content=\"1500\" \/>\n\t<meta property=\"og:image:type\" content=\"image\/jpeg\" \/>\n<meta name=\"twitter:card\" content=\"summary_large_image\" \/>\n<script type=\"application\/ld+json\" class=\"yoast-schema-graph\">{\"@context\":\"https:\\\/\\\/schema.org\",\"@graph\":[{\"@type\":\"WebPage\",\"@id\":\"https:\\\/\\\/kasitooratt.ee\\\/en\\\/toode\\\/ratt-stainless-steel-water-bottle-400ml\\\/\",\"url\":\"https:\\\/\\\/kasitooratt.ee\\\/en\\\/toode\\\/ratt-stainless-steel-water-bottle-400ml\\\/\",\"name\":\"R\u00c4TT Stainless steel water bottle 400ml - R\u00c4TT\",\"isPartOf\":{\"@id\":\"https:\\\/\\\/kasitooratt.ee\\\/#website\"},\"primaryImageOfPage\":{\"@id\":\"https:\\\/\\\/kasitooratt.ee\\\/en\\\/toode\\\/ratt-stainless-steel-water-bottle-400ml\\\/#primaryimage\"},\"image\":{\"@id\":\"https:\\\/\\\/kasitooratt.ee\\\/en\\\/toode\\\/ratt-stainless-steel-water-bottle-400ml\\\/#primaryimage\"},\"thumbnailUrl\":\"https:\\\/\\\/kasitooratt.ee\\\/wp-content\\\/uploads\\\/2025\\\/03\\\/32.jpg\",\"datePublished\":\"2025-03-31T06:39:45+00:00\",\"dateModified\":\"2025-08-08T08:25:51+00:00\",\"breadcrumb\":{\"@id\":\"https:\\\/\\\/kasitooratt.ee\\\/en\\\/toode\\\/ratt-stainless-steel-water-bottle-400ml\\\/#breadcrumb\"},\"inLanguage\":\"en-US\",\"potentialAction\":[{\"@type\":\"ReadAction\",\"target\":[\"https:\\\/\\\/kasitooratt.ee\\\/en\\\/toode\\\/ratt-stainless-steel-water-bottle-400ml\\\/\"]}]},{\"@type\":\"ImageObject\",\"inLanguage\":\"en-US\",\"@id\":\"https:\\\/\\\/kasitooratt.ee\\\/en\\\/toode\\\/ratt-stainless-steel-water-bottle-400ml\\\/#primaryimage\",\"url\":\"https:\\\/\\\/kasitooratt.ee\\\/wp-content\\\/uploads\\\/2025\\\/03\\\/32.jpg\",\"contentUrl\":\"https:\\\/\\\/kasitooratt.ee\\\/wp-content\\\/uploads\\\/2025\\\/03\\\/32.jpg\",\"width\":1000,\"height\":1500},{\"@type\":\"BreadcrumbList\",\"@id\":\"https:\\\/\\\/kasitooratt.ee\\\/en\\\/toode\\\/ratt-stainless-steel-water-bottle-400ml\\\/#breadcrumb\",\"itemListElement\":[{\"@type\":\"ListItem\",\"position\":1,\"name\":\"Home\",\"item\":\"https:\\\/\\\/kasitooratt.ee\\\/en\\\/\"},{\"@type\":\"ListItem\",\"position\":2,\"name\":\"Products\",\"item\":\"https:\\\/\\\/kasitooratt.ee\\\/en\\\/products\\\/\"},{\"@type\":\"ListItem\",\"position\":3,\"name\":\"R\u00c4TT Stainless steel water bottle 400ml\"}]},{\"@type\":\"WebSite\",\"@id\":\"https:\\\/\\\/kasitooratt.ee\\\/#website\",\"url\":\"https:\\\/\\\/kasitooratt.ee\\\/\",\"name\":\"R\u00c4TT\",\"description\":\"SPA ja saunatekstiilid\",\"potentialAction\":[{\"@type\":\"SearchAction\",\"target\":{\"@type\":\"EntryPoint\",\"urlTemplate\":\"https:\\\/\\\/kasitooratt.ee\\\/?s={search_term_string}\"},\"query-input\":{\"@type\":\"PropertyValueSpecification\",\"valueRequired\":true,\"valueName\":\"search_term_string\"}}],\"inLanguage\":\"en-US\"}]}<\/script>\n<!-- \/ Yoast SEO plugin. -->","yoast_head_json":{"title":"R\u00c4TT Stainless steel water bottle 400ml - R\u00c4TT","robots":{"index":"index","follow":"follow","max-snippet":"max-snippet:-1","max-image-preview":"max-image-preview:large","max-video-preview":"max-video-preview:-1"},"canonical":"https:\/\/kasitooratt.ee\/en\/toode\/ratt-stainless-steel-water-bottle-400ml\/","og_locale":"en_US","og_type":"article","og_title":"R\u00c4TT Stainless steel water bottle 400ml - R\u00c4TT","og_description":"Capacity: 400 ml  Dimensions: \u00f8 6.7 x 17.1 cm  Weight: 129g  Material: Stainless steel  100% leak-proof, BPA-free water bottle.  The perfect water bottle for school or general use on the go.  Fits perfectly in all car cup holders and in the pockets of children's backpacks.  Made of lightweight stainless steel.  Stainless steel is extremely durable, lasts for years and is fully recyclable.  This refillable and reusable drinking bottle is food safe, odor-proof, easy to hand wash, and keeps drinks fresh and flavorful.  The drinking hole is always hygienically covered with a lid.  Vented liquid flow for smooth drinking or pouring.  Even on the move, it's easy to open with one hand and close with the lock for security.  The bottle is not thermally insulated and is not suitable for hot drinks.  Suitable for both cold and hot drinks (-10\u00b0C to 70\u00b0C). Note: For beverages above 70\u00b0C, the bottle may be uncomfortable to hold without gloves and may burn your hands.","og_url":"https:\/\/kasitooratt.ee\/en\/toode\/ratt-stainless-steel-water-bottle-400ml\/","og_site_name":"R\u00c4TT","article_modified_time":"2025-08-08T08:25:51+00:00","og_image":[{"width":1000,"height":1500,"url":"https:\/\/kasitooratt.ee\/wp-content\/uploads\/2025\/03\/32.jpg","type":"image\/jpeg"}],"twitter_card":"summary_large_image","schema":{"@context":"https:\/\/schema.org","@graph":[{"@type":"WebPage","@id":"https:\/\/kasitooratt.ee\/en\/toode\/ratt-stainless-steel-water-bottle-400ml\/","url":"https:\/\/kasitooratt.ee\/en\/toode\/ratt-stainless-steel-water-bottle-400ml\/","name":"R\u00c4TT Stainless steel water bottle 400ml - R\u00c4TT","isPartOf":{"@id":"https:\/\/kasitooratt.ee\/#website"},"primaryImageOfPage":{"@id":"https:\/\/kasitooratt.ee\/en\/toode\/ratt-stainless-steel-water-bottle-400ml\/#primaryimage"},"image":{"@id":"https:\/\/kasitooratt.ee\/en\/toode\/ratt-stainless-steel-water-bottle-400ml\/#primaryimage"},"thumbnailUrl":"https:\/\/kasitooratt.ee\/wp-content\/uploads\/2025\/03\/32.jpg","datePublished":"2025-03-31T06:39:45+00:00","dateModified":"2025-08-08T08:25:51+00:00","breadcrumb":{"@id":"https:\/\/kasitooratt.ee\/en\/toode\/ratt-stainless-steel-water-bottle-400ml\/#breadcrumb"},"inLanguage":"en-US","potentialAction":[{"@type":"ReadAction","target":["https:\/\/kasitooratt.ee\/en\/toode\/ratt-stainless-steel-water-bottle-400ml\/"]}]},{"@type":"ImageObject","inLanguage":"en-US","@id":"https:\/\/kasitooratt.ee\/en\/toode\/ratt-stainless-steel-water-bottle-400ml\/#primaryimage","url":"https:\/\/kasitooratt.ee\/wp-content\/uploads\/2025\/03\/32.jpg","contentUrl":"https:\/\/kasitooratt.ee\/wp-content\/uploads\/2025\/03\/32.jpg","width":1000,"height":1500},{"@type":"BreadcrumbList","@id":"https:\/\/kasitooratt.ee\/en\/toode\/ratt-stainless-steel-water-bottle-400ml\/#breadcrumb","itemListElement":[{"@type":"ListItem","position":1,"name":"Home","item":"https:\/\/kasitooratt.ee\/en\/"},{"@type":"ListItem","position":2,"name":"Products","item":"https:\/\/kasitooratt.ee\/en\/products\/"},{"@type":"ListItem","position":3,"name":"R\u00c4TT Stainless steel water bottle 400ml"}]},{"@type":"WebSite","@id":"https:\/\/kasitooratt.ee\/#website","url":"https:\/\/kasitooratt.ee\/","name":"R\u00c4TT","description":"SPA ja saunatekstiilid","potentialAction":[{"@type":"SearchAction","target":{"@type":"EntryPoint","urlTemplate":"https:\/\/kasitooratt.ee\/?s={search_term_string}"},"query-input":{"@type":"PropertyValueSpecification","valueRequired":true,"valueName":"search_term_string"}}],"inLanguage":"en-US"}]}},"_links":{"self":[{"href":"https:\/\/kasitooratt.ee\/en\/wp-json\/wp\/v2\/product\/34614","targetHints":{"allow":["GET"]}}],"collection":[{"href":"https:\/\/kasitooratt.ee\/en\/wp-json\/wp\/v2\/product"}],"about":[{"href":"https:\/\/kasitooratt.ee\/en\/wp-json\/wp\/v2\/types\/product"}],"wp:featuredmedia":[{"embeddable":true,"href":"https:\/\/kasitooratt.ee\/en\/wp-json\/wp\/v2\/media\/34274"}],"wp:attachment":[{"href":"https:\/\/kasitooratt.ee\/en\/wp-json\/wp\/v2\/media?parent=34614"}],"wp:term":[{"taxonomy":"product_brand","embeddable":true,"href":"https:\/\/kasitooratt.ee\/en\/wp-json\/wp\/v2\/product_brand?post=34614"},{"taxonomy":"product_cat","embeddable":true,"href":"https:\/\/kasitooratt.ee\/en\/wp-json\/wp\/v2\/product_cat?post=34614"},{"taxonomy":"product_tag","embeddable":true,"href":"https:\/\/kasitooratt.ee\/en\/wp-json\/wp\/v2\/product_tag?post=34614"}],"curies":[{"name":"wp","href":"https:\/\/api.w.org\/{rel}","templated":true}]}}