{"id":34523,"date":"2025-04-23T09:04:35","date_gmt":"2025-04-23T06:04:35","guid":{"rendered":"https:\/\/kasitooratt.ee\/privacy-policy\/"},"modified":"2025-04-23T09:04:36","modified_gmt":"2025-04-23T06:04:36","slug":"privacy-policy","status":"publish","type":"page","link":"https:\/\/kasitooratt.ee\/en\/privacy-policy\/","title":{"rendered":"Privacy policy"},"content":{"rendered":"<div class=\"fusion-fullwidth fullwidth-box fusion-builder-row-1 fusion-flex-container nonhundred-percent-fullwidth non-hundred-percent-height-scrolling gradient-container-1\" style=\"--awb-border-radius-top-left:0px;--awb-border-radius-top-right:0px;--awb-border-radius-bottom-right:0px;--awb-border-radius-bottom-left:0px;--awb-flex-wrap:wrap;\" ><div class=\"fusion-builder-row fusion-row fusion-flex-align-items-flex-start fusion-flex-content-wrap\" style=\"max-width:calc( 1225px + 0px );margin-left: calc(-0px \/ 2 );margin-right: calc(-0px \/ 2 );\"><div class=\"fusion-layout-column fusion_builder_column fusion-builder-column-0 fusion_builder_column_5_6 5_6 fusion-flex-column\" style=\"--awb-bg-blend:overlay;--awb-bg-size:cover;--awb-width-large:83.3333333333%;--awb-margin-top-large:0px;--awb-spacing-right-large:0px;--awb-margin-bottom-large:20px;--awb-spacing-left-large:0px;--awb-width-medium:100%;--awb-spacing-right-medium:0px;--awb-spacing-left-medium:0px;--awb-width-small:100%;--awb-spacing-right-small:0px;--awb-spacing-left-small:0px;\"><div class=\"fusion-column-wrapper fusion-flex-justify-content-flex-start fusion-content-layout-column\"><div class=\"fusion-text fusion-text-1 fusion-text-no-margin\" style=\"--awb-margin-bottom:2em;\"><div class=\"fusion-text fusion-text-1\">\n<h2 class=\"fusion-responsive-typography-calculated\" data-fontsize=\"29\" data-lineheight=\"37.7px\">Privacy policy<\/h2>\n<p><strong>1. General provisions<\/strong> 1.1.<br \/>\nThis Privacy Policy sets out the principles governing the collection, processing and storage of personal data.<br \/>\nPersonal data is collected, processed and stored by the data controller kasitooratt.ee (hereinafter referred to as the data processor).<br \/>\n1.2.<br \/>\nFor the purposes of the Privacy Policy, a data subject is a customer or other natural person whose personal data is processed by the data processor.<br \/>\n1.3.<br \/>\nThe data processor shall comply with the principles of data processing set out in the legislation, including processing personal data lawfully, fairly and securely.<br \/>\nThe data processor is able to confirm that the personal data have been processed in accordance with the law <g id=\"gid_1\">2. Collection, processing and storage of personal data<\/g> 2.1.<br \/>\nThe personal data collected, processed and stored by the data controller are collected electronically, mainly through the website and e-mail.<br \/>\n2.2.<br \/>\nBy sharing his\/her personal data, the data subject grants the data processor the right to collect, organise, use and manage the personal data that the data subject directly or indirectly shares with the data processor when purchasing goods or services on the website, for the purposes specified in the Privacy Policy.<br \/>\n2.3.<br \/>\nThe data subject is responsible for the accuracy, correctness and completeness of the data he\/she provides.<br \/>\nKnowingly submitting false information will be considered a breach of the Privacy Policy.<br \/>\nThe data subject is obliged to inform the data processor immediately of any changes to the data provided.<br \/>\n2.4.<br \/>\nThe data processor shall not be liable for any damage caused to the data subject or to third parties by the data subject as a result of the submission of false data. <g id=\"gid_2\">3. 3<\/g>.1.<br \/>\nThe Data Processor may process the following personal data of the Data Subject.<br \/>\n3.1.1.<br \/>\nFirst name and surname.<br \/>\n3.1.1.<br \/>\nLisaks eeltoodule on andmet\u00f6\u00f6tlejal \u00f5igus koguda kliendi kohta andmeid, mis on k\u00e4ttesaadavad avalikes registrites.<br \/>\n3.3.<br \/>\nThe legal basis for the processing of personal data is Article 6(1)(a) and (b) of the GDPR.<br \/>\na),<br \/>\nb),<br \/>\nc) and f):                            <\/p>\n<ol>\n<li>(a) the data subject has given his or her consent to the processing of his or her personal data for one or more specific purposes;<\/li>\n<li>(b) processing of personal data is necessary for the performance of a contract concluded with the data subject or in order to take steps at the request of the data subject prior to entering into a contract;<\/li>\n<li>(c) the processing is necessary for compliance with a legal obligation to which the controller is subject;<\/li>\n<li>(f) the processing is necessary for the purposes of the legitimate interests pursued by the controller or by a third party, except where such interests override the interests of the data subject or the fundamental rights and freedoms for which the personal data must be protected, in particular where the data subject is a child.<\/li>\n<\/ol>\n<p>  3.4.<br \/>\nIsikuandmete t\u00f6\u00f6tlemine vastavalt t\u00f6\u00f6tlemise eesm\u00e4rgile: 3.4.1.<br \/>\nT\u00f6\u00f6tlemise eesm\u00e4rk \u2013 julgeolek ja turvalisus Isikuandmete s\u00e4ilitamise maksimaalne aeg \u2013 vastavalt seaduses nimetatud t\u00e4htaegadele 3.4.2.<br \/>\nT\u00f6\u00f6tlemise eesm\u00e4rk \u2013 finantstegevus, raamatupidamine Isikuandmete s\u00e4ilitamise maksimaalne aeg \u2013 vastavalt seaduses nimetatud t\u00e4htaegadele 3.5.<br \/>\nAndmet\u00f6\u00f6tlejal on \u00f5igus klientide isikuandmeid jagada kolmandate isikutega, kelleks on n\u00e4iteks volitatud andmet\u00f6\u00f6tlejad, raamatupidajad, transpordi- ja kullerettev\u00f5tted, \u00fclekandeteenuseid pakkuvad ettev\u00f5tted Andmet\u00f6\u00f6tleja on isikuandmete vastutav t\u00f6\u00f6tleja.<br \/>\nAndmet\u00f6\u00f6tleja edastab maksete teostamiseks vajalikud isikuandmed volitatud t\u00f6\u00f6tlejale.<br \/>\n3.6.<br \/>\nAndmesubjekti isikuandmete t\u00f6\u00f6tlemisel ja s\u00e4ilitamisel rakendab andmet\u00f6\u00f6tleja organisatoorseid ja tehnilisi meetmeid, mis tagavad isikuandmete kaitse juhusliku v\u00f5i ebaseadusliku h\u00e4vitamise, muutmise, avalikustamise ja mis tahes muu ebaseadusliku t\u00f6\u00f6tlemise eest.<br \/>\n3.7.<br \/>\nAndmet\u00f6\u00f6tleja s\u00e4ilitab andmesubjektide andmeid s\u00f5ltuvalt t\u00f6\u00f6tlemise eesm\u00e4rgist, kuid mitte kauem kui 5 aastat. <g id=\"gid_0\">4. Andmesubjekti \u00f5igused<\/g> 4.1.<br \/>\nAndmesubjektil on \u00f5igus saada ligip\u00e4\u00e4s oma isikuandmetele ning nendega tutvuda.<br \/>\n4.2.<br \/>\nAndmesubjektil on \u00f5igus saada informatsiooni tema isikuandmete t\u00f6\u00f6tlemise kohta.<br \/>\n4.3.<br \/>\nAndmesubjektil on \u00f5igus t\u00e4iendada v\u00f5i parandada ebat\u00e4pseid andmeid.<br \/>\n4.4.<br \/>\nKui andmet\u00f6\u00f6tleja t\u00f6\u00f6tleb andmesubjekti isikuandmeid andmesubjekti n\u00f5usoleku alusel, siis on andmesubjektil \u00f5igus igal ajal n\u00f5usolek tagasi v\u00f5tta.<br \/>\n4.5.<br \/>\nAndmesubjekt saab \u00f5iguste teostamiseks p\u00f6\u00f6rduda e-poe klienditoe poole aadressil <g id=\"gid_1\">info@kasitooratt.ee<\/g>.<br \/>\n4.6.<br \/>\nAndmesubjektil on oma \u00f5iguste kaitseks v\u00f5imalik esitada kaebus Andmekaitse Inspektsioonile. <g id=\"gid_2\">5. L\u00f5pps\u00e4tted<\/g> 5.1.<br \/>\nK\u00e4esolevad andmekaitsetingimused on koostatud koosk\u00f5las Euroopa Parlamendi ja n\u00f5ukogu m\u00e4\u00e4rusega (EL) nr 2016\/679 f\u00fc\u00fcsiliste isikute kaitse kohta isikuandmete t\u00f6\u00f6tlemisel ja selliste andmete vaba liikumise ning direktiivi 95\/46 \/ E\u00dc kehtetuks tunnistamise kohta \/ E\u00dc (isikuandmete kaitse \u00fcldm\u00e4\u00e4rus), Eesti Vabariigi isikuandmete kaitse seadusega ning Eesti Vabariigi ja Euroopa Liidu \u00f5igusaktidega.<br \/>\n5.2.<br \/>\nAndmet\u00f6\u00f6tlejal on \u00f5igus andmekaitsetingimusi osaliselt v\u00f5i t\u00e4ielikult muuta, teavitades andmesubjekte muudatustest kodulehe kasitooratt.ee kaudu.                         <\/div>\n<\/div><div class=\"fusion-text fusion-text-2\"><h2 class=\"fusion-responsive-typography-calculated\" data-fontsize=\"29\" data-lineheight=\"37.7px\">Cookies<\/h2>\n<h6 class=\"fusion-responsive-typography-calculated\" data-fontsize=\"21\" data-lineheight=\"29.4px\">What are biscuits?<\/h6>\n<p>  Our website uses cookies (English &#8220;cookie&#8221;).<br \/>\nA cookie is a small block of text-like data in your browser that the website sends to a cookie file on your computer.<br \/>\nCookies enable our website to provide you with a better user experience and to design and develop our website to provide you with the best possible service.<br \/>\nIf you continue to use our website, you agree to our use of cookies.<br \/>\nIf you do not want cookies to be stored on your computer, you can block them in your browser settings.<br \/>\nIn this way, cookies will not be stored by us or any other website, but as a result, not all website functions may function properly.       <\/p>\n<h6 class=\"fusion-responsive-typography-calculated\" data-fontsize=\"21\" data-lineheight=\"29.4px\">Cookies used on our website<\/h6>\n<p><strong>Essential cookies<\/strong> These cookies play an important role in the way our site works.<br \/>\nFor example, they include cookies that allow you to navigate to the right pages when we update the way the website works. These <g id=\"gid_1\">cookies<\/g> collect information about how visitors use the website.<br \/>\nThis is how we can know if an error has occurred.<br \/>\nWe do not collect information that directly identifies the user, but anonymous data.<br \/>\nWe only use this information to improve the website.<\/p>\n<\/div><\/div><\/div><\/div><\/div>\n","protected":false},"excerpt":{"rendered":"","protected":false},"author":20,"featured_media":0,"parent":0,"menu_order":0,"comment_status":"closed","ping_status":"closed","template":"","meta":{"_acf_changed":false,"footnotes":""},"class_list":["post-34523","page","type-page","status-publish","hentry"],"acf":[],"yoast_head":"<!-- This site is optimized with the Yoast SEO plugin v27.2 - https:\/\/yoast.com\/product\/yoast-seo-wordpress\/ -->\n<title>Privacy policy - R\u00c4TT<\/title>\n<meta name=\"robots\" content=\"index, follow, max-snippet:-1, max-image-preview:large, max-video-preview:-1\" \/>\n<link rel=\"canonical\" href=\"https:\/\/kasitooratt.ee\/en\/privacy-policy\/\" \/>\n<meta property=\"og:locale\" content=\"en_US\" \/>\n<meta property=\"og:type\" content=\"article\" \/>\n<meta property=\"og:title\" content=\"Privacy policy - R\u00c4TT\" \/>\n<meta property=\"og:url\" content=\"https:\/\/kasitooratt.ee\/en\/privacy-policy\/\" \/>\n<meta property=\"og:site_name\" content=\"R\u00c4TT\" \/>\n<meta property=\"article:modified_time\" content=\"2025-04-23T06:04:36+00:00\" \/>\n<meta name=\"twitter:card\" content=\"summary_large_image\" \/>\n<meta name=\"twitter:label1\" content=\"Est. reading time\" \/>\n\t<meta name=\"twitter:data1\" content=\"6 minutes\" \/>\n<script type=\"application\/ld+json\" class=\"yoast-schema-graph\">{\"@context\":\"https:\/\/schema.org\",\"@graph\":[{\"@type\":\"WebPage\",\"@id\":\"https:\/\/kasitooratt.ee\/en\/privacy-policy\/\",\"url\":\"https:\/\/kasitooratt.ee\/en\/privacy-policy\/\",\"name\":\"Privacy policy - R\u00c4TT\",\"isPartOf\":{\"@id\":\"https:\/\/kasitooratt.ee\/#website\"},\"datePublished\":\"2025-04-23T06:04:35+00:00\",\"dateModified\":\"2025-04-23T06:04:36+00:00\",\"breadcrumb\":{\"@id\":\"https:\/\/kasitooratt.ee\/en\/privacy-policy\/#breadcrumb\"},\"inLanguage\":\"en-US\",\"potentialAction\":[{\"@type\":\"ReadAction\",\"target\":[\"https:\/\/kasitooratt.ee\/en\/privacy-policy\/\"]}]},{\"@type\":\"BreadcrumbList\",\"@id\":\"https:\/\/kasitooratt.ee\/en\/privacy-policy\/#breadcrumb\",\"itemListElement\":[{\"@type\":\"ListItem\",\"position\":1,\"name\":\"Home\",\"item\":\"https:\/\/kasitooratt.ee\/en\/\"},{\"@type\":\"ListItem\",\"position\":2,\"name\":\"Privacy policy\"}]},{\"@type\":\"WebSite\",\"@id\":\"https:\/\/kasitooratt.ee\/#website\",\"url\":\"https:\/\/kasitooratt.ee\/\",\"name\":\"R\u00c4TT\",\"description\":\"SPA ja saunatekstiilid\",\"potentialAction\":[{\"@type\":\"SearchAction\",\"target\":{\"@type\":\"EntryPoint\",\"urlTemplate\":\"https:\/\/kasitooratt.ee\/?s={search_term_string}\"},\"query-input\":{\"@type\":\"PropertyValueSpecification\",\"valueRequired\":true,\"valueName\":\"search_term_string\"}}],\"inLanguage\":\"en-US\"}]}<\/script>\n<!-- \/ Yoast SEO plugin. -->","yoast_head_json":{"title":"Privacy policy - R\u00c4TT","robots":{"index":"index","follow":"follow","max-snippet":"max-snippet:-1","max-image-preview":"max-image-preview:large","max-video-preview":"max-video-preview:-1"},"canonical":"https:\/\/kasitooratt.ee\/en\/privacy-policy\/","og_locale":"en_US","og_type":"article","og_title":"Privacy policy - R\u00c4TT","og_url":"https:\/\/kasitooratt.ee\/en\/privacy-policy\/","og_site_name":"R\u00c4TT","article_modified_time":"2025-04-23T06:04:36+00:00","twitter_card":"summary_large_image","twitter_misc":{"Est. reading time":"6 minutes"},"schema":{"@context":"https:\/\/schema.org","@graph":[{"@type":"WebPage","@id":"https:\/\/kasitooratt.ee\/en\/privacy-policy\/","url":"https:\/\/kasitooratt.ee\/en\/privacy-policy\/","name":"Privacy policy - R\u00c4TT","isPartOf":{"@id":"https:\/\/kasitooratt.ee\/#website"},"datePublished":"2025-04-23T06:04:35+00:00","dateModified":"2025-04-23T06:04:36+00:00","breadcrumb":{"@id":"https:\/\/kasitooratt.ee\/en\/privacy-policy\/#breadcrumb"},"inLanguage":"en-US","potentialAction":[{"@type":"ReadAction","target":["https:\/\/kasitooratt.ee\/en\/privacy-policy\/"]}]},{"@type":"BreadcrumbList","@id":"https:\/\/kasitooratt.ee\/en\/privacy-policy\/#breadcrumb","itemListElement":[{"@type":"ListItem","position":1,"name":"Home","item":"https:\/\/kasitooratt.ee\/en\/"},{"@type":"ListItem","position":2,"name":"Privacy policy"}]},{"@type":"WebSite","@id":"https:\/\/kasitooratt.ee\/#website","url":"https:\/\/kasitooratt.ee\/","name":"R\u00c4TT","description":"SPA ja saunatekstiilid","potentialAction":[{"@type":"SearchAction","target":{"@type":"EntryPoint","urlTemplate":"https:\/\/kasitooratt.ee\/?s={search_term_string}"},"query-input":{"@type":"PropertyValueSpecification","valueRequired":true,"valueName":"search_term_string"}}],"inLanguage":"en-US"}]}},"_links":{"self":[{"href":"https:\/\/kasitooratt.ee\/en\/wp-json\/wp\/v2\/pages\/34523","targetHints":{"allow":["GET"]}}],"collection":[{"href":"https:\/\/kasitooratt.ee\/en\/wp-json\/wp\/v2\/pages"}],"about":[{"href":"https:\/\/kasitooratt.ee\/en\/wp-json\/wp\/v2\/types\/page"}],"author":[{"embeddable":true,"href":"https:\/\/kasitooratt.ee\/en\/wp-json\/wp\/v2\/users\/20"}],"replies":[{"embeddable":true,"href":"https:\/\/kasitooratt.ee\/en\/wp-json\/wp\/v2\/comments?post=34523"}],"version-history":[{"count":2,"href":"https:\/\/kasitooratt.ee\/en\/wp-json\/wp\/v2\/pages\/34523\/revisions"}],"predecessor-version":[{"id":34526,"href":"https:\/\/kasitooratt.ee\/en\/wp-json\/wp\/v2\/pages\/34523\/revisions\/34526"}],"wp:attachment":[{"href":"https:\/\/kasitooratt.ee\/en\/wp-json\/wp\/v2\/media?parent=34523"}],"curies":[{"name":"wp","href":"https:\/\/api.w.org\/{rel}","templated":true}]}}